{"id":3186,"date":"2019-03-13T10:14:39","date_gmt":"2019-03-13T10:14:39","guid":{"rendered":"https:\/\/idas-braunschweig.de\/?page_id=3186"},"modified":"2025-01-15T13:25:55","modified_gmt":"2025-01-15T12:25:55","slug":"horti-test","status":"publish","type":"page","link":"https:\/\/idas-braunschweig.de\/?page_id=3186","title":{"rendered":"Forschung"},"content":{"rendered":"<p><a href=\"https:\/\/idas-braunschweig.de\/IDAS\/wp-content\/uploads\/2019\/03\/Titel_Forschung.jpg\"><img loading=\"lazy\" decoding=\"async\" data-attachment-id=\"3203\" data-permalink=\"https:\/\/idas-braunschweig.de\/?attachment_id=3203\" data-orig-file=\"https:\/\/idas-braunschweig.de\/wp-content\/uploads\/2019\/03\/Titel_Forschung.jpg\" data-orig-size=\"1070,100\" data-comments-opened=\"0\" data-image-meta=\"{&quot;aperture&quot;:&quot;0&quot;,&quot;credit&quot;:&quot;&quot;,&quot;camera&quot;:&quot;&quot;,&quot;caption&quot;:&quot;&quot;,&quot;created_timestamp&quot;:&quot;0&quot;,&quot;copyright&quot;:&quot;&quot;,&quot;focal_length&quot;:&quot;0&quot;,&quot;iso&quot;:&quot;0&quot;,&quot;shutter_speed&quot;:&quot;0&quot;,&quot;title&quot;:&quot;&quot;,&quot;orientation&quot;:&quot;0&quot;}\" data-image-title=\"Titel_Forschung\" data-image-description=\"\" data-medium-file=\"https:\/\/idas-braunschweig.de\/wp-content\/uploads\/2019\/03\/Titel_Forschung-350x33.jpg\" data-large-file=\"https:\/\/idas-braunschweig.de\/wp-content\/uploads\/2019\/03\/Titel_Forschung-720x67.jpg\" class=\"alignnone size-full wp-image-3203\" src=\"https:\/\/idas-braunschweig.de\/IDAS\/wp-content\/uploads\/2019\/03\/Titel_Forschung.jpg\" alt=\"\" width=\"1070\" height=\"100\" srcset=\"https:\/\/idas-braunschweig.de\/wp-content\/uploads\/2019\/03\/Titel_Forschung.jpg 1070w, https:\/\/idas-braunschweig.de\/wp-content\/uploads\/2019\/03\/Titel_Forschung-350x33.jpg 350w, https:\/\/idas-braunschweig.de\/wp-content\/uploads\/2019\/03\/Titel_Forschung-768x72.jpg 768w, https:\/\/idas-braunschweig.de\/wp-content\/uploads\/2019\/03\/Titel_Forschung-720x67.jpg 720w\" sizes=\"(max-width: 1070px) 100vw, 1070px\" \/><\/a><br \/>\n<div class=\"divider\"><\/div><\/p>\n<div class=\"four-columns-two\">\n<style type=\"text\/css\">.easingslider-5137 { max-width: 800px; }.easingslider-5137 .easingslider-image { max-height: 1131px; max-width: 800px; }.easingslider-5137 .easingslider-fade-in, .easingslider-fade-out { -webkit-animation-duration: 2000ms; -moz-animation-duration: 2000ms; animation-duration: 2000ms; }<\/style><script type=\"text\/javascript\">window.EasingSlider5137 = {\"width\":800,\"height\":1131,\"singleItem\":true,\"items\":1,\"itemsDesktop\":false,\"itemsDesktopSmall\":false,\"itemsTablet\":false,\"itemsTabletSmall\":false,\"itemsMobile\":false,\"responsive\":true,\"lazyLoad\":true,\"autoPlay\":2000,\"slideSpeed\":2000,\"navigation\":false,\"navigationText\":[\"\",\"\"],\"pagination\":false,\"autoHeight\":false,\"mouseDrag\":false,\"touchDrag\":false,\"addClassActive\":true,\"transitionStyle\":false};<\/script><div data-id=\"5137\" class=\"easingslider easingslider-5137 easingslider-container easingslider-resizing-enabled easingslider-aspect-ratio\"><div class=\"easingslider-slide\"><img decoding=\"async\" src=\"https:\/\/idas-braunschweig.de\/wp-content\/plugins\/easing-slider\/assets\/images\/placeholder-pixel.png\" data-src=\"https:\/\/idas-braunschweig.de\/wp-content\/uploads\/2017\/07\/141204_Hortitecture_plakat2-800x1131.jpg\" alt=\"\" title=\"\" class=\"easingslider-image easingslider-lazy\" \/><\/div><\/div><br \/>\n<\/div>\n<div class=\"four-columns-two last\">\nThe term HORTITECTURE focuses on sustainable building strategies that explore the synergies combining architecture and plant material. At the Symposia an international group of interdisciplinary experts present and discuss their ideas and experiences in the field. We compare and analyse architectural solutions that are made with, made for and made from plant material, asking:<\/p>\n<p>\u2022 How are plants integrated within the building system?<br \/>\n\u2022 What kinds of benefits can a new kind of nature-artifact combination offer?<br \/>\n\u2022 How do the plantings affect the overall environment and architectural design?<br \/>\n\u2022 What is the maintenance factor and how scalable are these new solutions?<\/p>\n<p>HORTITECTURE will be a growing focal subject that intends to network core disciplines in order to foster more sustainable environments. At the TU Braunschweig architects, landscape architects and environmental scientists constitute research cooperations. In studying the intersections between architectural, horticultural and technological practices, our goal is to transfer knowledge beyond building design to a larger urban scope, creating better, more sustainable future cities.<br \/>\n<\/div>\n<div class=\"divider\"><\/div>\n<p><!----------------------------------------------------------------------------------------------------------------------------------><\/p>\n<div id=\"linie\">Symposien<\/div>\n<div class=\"three-columns-one\">\n<img loading=\"lazy\" decoding=\"async\" data-attachment-id=\"5904\" data-permalink=\"https:\/\/idas-braunschweig.de\/?attachment_id=5904\" data-orig-file=\"https:\/\/idas-braunschweig.de\/wp-content\/uploads\/2025\/01\/Symposium-01_2.jpg\" data-orig-size=\"600,600\" data-comments-opened=\"0\" data-image-meta=\"{&quot;aperture&quot;:&quot;0&quot;,&quot;credit&quot;:&quot;&quot;,&quot;camera&quot;:&quot;&quot;,&quot;caption&quot;:&quot;&quot;,&quot;created_timestamp&quot;:&quot;0&quot;,&quot;copyright&quot;:&quot;&quot;,&quot;focal_length&quot;:&quot;0&quot;,&quot;iso&quot;:&quot;0&quot;,&quot;shutter_speed&quot;:&quot;0&quot;,&quot;title&quot;:&quot;&quot;,&quot;orientation&quot;:&quot;0&quot;}\" data-image-title=\"Symposium-01_2\" data-image-description=\"\" data-medium-file=\"https:\/\/idas-braunschweig.de\/wp-content\/uploads\/2025\/01\/Symposium-01_2-350x350.jpg\" data-large-file=\"https:\/\/idas-braunschweig.de\/wp-content\/uploads\/2025\/01\/Symposium-01_2.jpg\" src=\"https:\/\/idas-braunschweig.de\/wp-content\/uploads\/2025\/01\/Symposium-01_2.jpg\" alt=\"\" width=\"600\" height=\"600\" class=\"alignright size-full wp-image-5904\" srcset=\"https:\/\/idas-braunschweig.de\/wp-content\/uploads\/2025\/01\/Symposium-01_2.jpg 600w, https:\/\/idas-braunschweig.de\/wp-content\/uploads\/2025\/01\/Symposium-01_2-350x350.jpg 350w, https:\/\/idas-braunschweig.de\/wp-content\/uploads\/2025\/01\/Symposium-01_2-300x300.jpg 300w\" sizes=\"(max-width: 600px) 100vw, 600px\" \/><br \/>\n<\/div>\n<div class=\"three-columns-one\">\n<img loading=\"lazy\" decoding=\"async\" data-attachment-id=\"5905\" data-permalink=\"https:\/\/idas-braunschweig.de\/?attachment_id=5905\" data-orig-file=\"https:\/\/idas-braunschweig.de\/wp-content\/uploads\/2025\/01\/Symposium-02_2.jpg\" data-orig-size=\"600,600\" data-comments-opened=\"0\" data-image-meta=\"{&quot;aperture&quot;:&quot;0&quot;,&quot;credit&quot;:&quot;&quot;,&quot;camera&quot;:&quot;&quot;,&quot;caption&quot;:&quot;&quot;,&quot;created_timestamp&quot;:&quot;0&quot;,&quot;copyright&quot;:&quot;&quot;,&quot;focal_length&quot;:&quot;0&quot;,&quot;iso&quot;:&quot;0&quot;,&quot;shutter_speed&quot;:&quot;0&quot;,&quot;title&quot;:&quot;&quot;,&quot;orientation&quot;:&quot;0&quot;}\" data-image-title=\"Symposium-02_2\" data-image-description=\"\" data-medium-file=\"https:\/\/idas-braunschweig.de\/wp-content\/uploads\/2025\/01\/Symposium-02_2-350x350.jpg\" data-large-file=\"https:\/\/idas-braunschweig.de\/wp-content\/uploads\/2025\/01\/Symposium-02_2.jpg\" src=\"https:\/\/idas-braunschweig.de\/wp-content\/uploads\/2025\/01\/Symposium-02_2.jpg\" alt=\"\" width=\"600\" height=\"600\" class=\"alignright size-full wp-image-5905\" srcset=\"https:\/\/idas-braunschweig.de\/wp-content\/uploads\/2025\/01\/Symposium-02_2.jpg 600w, https:\/\/idas-braunschweig.de\/wp-content\/uploads\/2025\/01\/Symposium-02_2-350x350.jpg 350w, https:\/\/idas-braunschweig.de\/wp-content\/uploads\/2025\/01\/Symposium-02_2-300x300.jpg 300w\" sizes=\"(max-width: 600px) 100vw, 600px\" \/><br \/>\n<\/div>\n<div class=\"three-columns-one last\">\n<img loading=\"lazy\" decoding=\"async\" data-attachment-id=\"5906\" data-permalink=\"https:\/\/idas-braunschweig.de\/?attachment_id=5906\" data-orig-file=\"https:\/\/idas-braunschweig.de\/wp-content\/uploads\/2025\/01\/Symposium-3_3.jpg\" data-orig-size=\"600,600\" data-comments-opened=\"0\" data-image-meta=\"{&quot;aperture&quot;:&quot;0&quot;,&quot;credit&quot;:&quot;&quot;,&quot;camera&quot;:&quot;&quot;,&quot;caption&quot;:&quot;&quot;,&quot;created_timestamp&quot;:&quot;0&quot;,&quot;copyright&quot;:&quot;&quot;,&quot;focal_length&quot;:&quot;0&quot;,&quot;iso&quot;:&quot;0&quot;,&quot;shutter_speed&quot;:&quot;0&quot;,&quot;title&quot;:&quot;&quot;,&quot;orientation&quot;:&quot;0&quot;}\" data-image-title=\"Symposium-3_3\" data-image-description=\"\" data-medium-file=\"https:\/\/idas-braunschweig.de\/wp-content\/uploads\/2025\/01\/Symposium-3_3-350x350.jpg\" data-large-file=\"https:\/\/idas-braunschweig.de\/wp-content\/uploads\/2025\/01\/Symposium-3_3.jpg\" src=\"https:\/\/idas-braunschweig.de\/wp-content\/uploads\/2025\/01\/Symposium-3_3.jpg\" alt=\"\" width=\"600\" height=\"600\" class=\"alignright size-full wp-image-5906\" srcset=\"https:\/\/idas-braunschweig.de\/wp-content\/uploads\/2025\/01\/Symposium-3_3.jpg 600w, https:\/\/idas-braunschweig.de\/wp-content\/uploads\/2025\/01\/Symposium-3_3-350x350.jpg 350w, https:\/\/idas-braunschweig.de\/wp-content\/uploads\/2025\/01\/Symposium-3_3-300x300.jpg 300w\" sizes=\"(max-width: 600px) 100vw, 600px\" \/><br \/>\n<\/div>\n<p><div class=\"divider\"><\/div><br \/>\n<div class=\"divider\"><\/div><\/p>\n<p><!----------------------------------------------------------------------------------------------------------------------------------><\/p>\n<div id=\"linie\">Publikation<\/div>\n<div class=\"divider\"><\/div>\n<div class=\"four-columns-two\">\n<img loading=\"lazy\" decoding=\"async\" data-attachment-id=\"5307\" data-permalink=\"https:\/\/idas-braunschweig.de\/?attachment_id=5307\" data-orig-file=\"https:\/\/idas-braunschweig.de\/wp-content\/uploads\/2023\/02\/hortitecture_cover.jpg\" data-orig-size=\"600,854\" data-comments-opened=\"0\" data-image-meta=\"{&quot;aperture&quot;:&quot;0&quot;,&quot;credit&quot;:&quot;&quot;,&quot;camera&quot;:&quot;&quot;,&quot;caption&quot;:&quot;&quot;,&quot;created_timestamp&quot;:&quot;0&quot;,&quot;copyright&quot;:&quot;&quot;,&quot;focal_length&quot;:&quot;0&quot;,&quot;iso&quot;:&quot;0&quot;,&quot;shutter_speed&quot;:&quot;0&quot;,&quot;title&quot;:&quot;&quot;,&quot;orientation&quot;:&quot;1&quot;}\" data-image-title=\"hortitecture_cover\" data-image-description=\"\" data-medium-file=\"https:\/\/idas-braunschweig.de\/wp-content\/uploads\/2023\/02\/hortitecture_cover-246x350.jpg\" data-large-file=\"https:\/\/idas-braunschweig.de\/wp-content\/uploads\/2023\/02\/hortitecture_cover-506x720.jpg\" class=\"alignright size-full wp-image-5307\" src=\"https:\/\/idas-braunschweig.de\/wp-content\/uploads\/2023\/02\/hortitecture_cover.jpg\" alt=\"\" width=\"800\" height=\"1131\" \/><br \/>\n<\/div>\n<div class=\"four-columns-two last\">\n<div class=\"divider\"><\/div><br \/>\n<strong>HORTITECTURE<\/strong> The Power of Architecture and Plants<\/p>\n<p>Architektur und Pflanzen \u2013 wie kann man diese scheinbaren Gegens\u00e4tze zusammendenken, um St\u00e4dte in Zukunft naturnaher zu planen? Welche Synergien gibt es? Hortitecture macht sich auf die Suche nach dem gestalterischen und konstruktiven Potenzial von Pflanzen und verkn\u00fcpft dieses mit Fragen der \u00d6kosystemleistung und der st\u00e4dtischen Lebensmittelproduktion.<br \/>\nAm IDAS (Institute for Design and Architectural Strategies) wird das Forschungsthema an der Schnittstelle von Architektur, Biologie und Technologie aufgebaut, um das gewonnene Wissen auf Geb\u00e4udeentw\u00fcrfe zu \u00fcbertragen. Dieses Buch dokumentiert Projekte, Ideen und Erfahrungen von 33 internationalen Experten, die sich im Rahmen von Symposien an der TU Braunschweig ausgetauscht haben. Mit ihren kritischen Reflexionen sch\u00e4rfen sie das Bewusstsein und die Kompetenzen f\u00fcr eine naturbasierte, urbane Architektur.<\/p>\n<div id=\"kntkt\">Mit Beitr\u00e4gen von Stefano Boeri, Thomas Corbasson, Richard Hassell und Wong Mun Summ, Christoph Ingenhoven, Vo Trong Nghia, Elisabeth Kather, Klaus K. Loenhart, Ferdinand Ludwig und Daniel Sch\u00f6nle, Fuensanta Nieto, Chris Precht, Jacob van Rijs, Tom\u00e1s Saraceno, Diana Scherer, Dan Wood, Ken Yeang und weiteren<\/div>\n<div id=\"kntkt\">Almut Gr\u00fcntuch-Ernst, IDAS Institute for Design and Architectural Strategies (Hg.)<\/div>\n<div id=\"kntkt\">ISBN 978-3-86859-547-5 \u2013 35 \u20ac<\/div>\n<\/div>\n<div class=\"divider\"><\/div>\n","protected":false},"excerpt":{"rendered":"<p>Symposien Publikation<\/p>\n","protected":false},"author":1,"featured_media":0,"parent":0,"menu_order":0,"comment_status":"closed","ping_status":"closed","template":"page-templates\/full-width.php","meta":{"sharing_disabled":false,"spay_email":"","footnotes":""},"_links":{"self":[{"href":"https:\/\/idas-braunschweig.de\/index.php?rest_route=\/wp\/v2\/pages\/3186"}],"collection":[{"href":"https:\/\/idas-braunschweig.de\/index.php?rest_route=\/wp\/v2\/pages"}],"about":[{"href":"https:\/\/idas-braunschweig.de\/index.php?rest_route=\/wp\/v2\/types\/page"}],"author":[{"embeddable":true,"href":"https:\/\/idas-braunschweig.de\/index.php?rest_route=\/wp\/v2\/users\/1"}],"replies":[{"embeddable":true,"href":"https:\/\/idas-braunschweig.de\/index.php?rest_route=%2Fwp%2Fv2%2Fcomments&post=3186"}],"version-history":[{"count":12,"href":"https:\/\/idas-braunschweig.de\/index.php?rest_route=\/wp\/v2\/pages\/3186\/revisions"}],"predecessor-version":[{"id":5907,"href":"https:\/\/idas-braunschweig.de\/index.php?rest_route=\/wp\/v2\/pages\/3186\/revisions\/5907"}],"wp:attachment":[{"href":"https:\/\/idas-braunschweig.de\/index.php?rest_route=%2Fwp%2Fv2%2Fmedia&parent=3186"}],"curies":[{"name":"wp","href":"https:\/\/api.w.org\/{rel}","templated":true}]}}